{"id":5,"date":"2018-06-20T07:22:00","date_gmt":"2018-06-20T07:22:00","guid":{"rendered":"http:\/\/technisearch.co.in\/?page_id=5"},"modified":"2020-01-31T15:18:51","modified_gmt":"2020-01-31T15:18:51","slug":"about-us","status":"publish","type":"page","link":"https:\/\/technisearch.co.in\/de\/about-us\/","title":{"rendered":"About Us"},"content":{"rendered":"<section class=\"about-intro\">\n<div class=\"inner-container\">\n<div class=\"row\">\n<div class=\"text-blk alternate\">\n<h3>Einleitung<\/h3>\n<p>Das in 1996 gegr\u00fcndete Unternehmen \u2018Technisearch&#8216;                                    entwckelte sich zu einem der marktf\u00fchrenden Personalbeschaffungsfirmen in Indien, bei der die Kunden bzw. die Bewerber ihr volles Potential bestm\u00f6glich aussch\u00f6pfen k\u00f6nnen. Wir haben uns sprunghaft entwickelt, sind in Indien ans\u00e4ssig und haben auch in Singapur eine Filiale. Technisearchs ausgedehntes Netz sowie seine umfassenden Dienst-leistungen machen es zu einem in der Region dynamischsten Personalspeziaisten f\u00fcr In- und Ausl\u00e4nder zugleich.<\/p>\n<\/div>\n<div class=\"img-blk\">\n<img decoding=\"async\" src=\"https:\/\/technisearch.co.in\/wp-content\/uploads\/2018\/06\/about-intro.jpg\" alt=\"about-intro\"><\/div>\n<\/div>\n<div class=\"row team-row\">\n<div class=\"text-blk\">\n<h3>Unser Team<\/h3>\n<p>Die fruchtbare Mitarbeitermischung bei Technisearch, von unserem dynamischen Management bis hin zu unserem engagierten Verwaltungspersonal, gew\u00e4hr-leistet unseren Kunden bzw. den Bewerbern optimale Ergebnisse. Wir bei Technisearch halten dauerhaft am Konzept der vollst\u00e4ndigen Kundenzufriedenheit fest. Daher arbeiten wir mit einem Kundenzufriedenheits-index mittels eines Fragebogens, der uns fortw\u00e4hrend und effektiv unter den sich stets \u00e4ndernden Rahmen-bedingungen behilflich ist.<\/p>\n<\/div>\n<div class=\"img-blk\">\n<img decoding=\"async\" src=\"https:\/\/technisearch.co.in\/wp-content\/uploads\/2018\/06\/about-team.jpg\" alt=\"about-team\"><\/div>\n<\/div>\n<\/div>\n<\/section>\n<p><!----- Sector -----><\/p>\n<section class=\"sectors-blk\">\n<div class=\"inner-container\">\n<div class=\"row\">\n<div class=\"head\">\n<h3>Bereiche<\/h3>\n<p>Technisearch hat Tausende von Spezialisten und Technikern in den verschiedensten Bereichen engagiert, siehe untenstehende Auflistung.<\/p>\n<\/div>\n<div class=\"sectors\">\n<ul>\n<li>\n<div class=\"img-sec\"><img decoding=\"async\" src=\"https:\/\/technisearch.co.in\/wp-content\/uploads\/2018\/06\/accounting.png\"><\/div>\n<p>DV-Anlagenwartung<\/li>\n<li>\n<div class=\"img-sec\"><img decoding=\"async\" src=\"https:\/\/technisearch.co.in\/wp-content\/uploads\/2018\/06\/engineering.png\"><\/div>\n<p>Ingenieurwesen<\/li>\n<li>\n<div class=\"img-sec\"><img decoding=\"async\" src=\"https:\/\/technisearch.co.in\/wp-content\/uploads\/2018\/06\/it.png\"><\/div>\n<p>IT<\/li>\n<li>\n<div class=\"img-sec\"><img decoding=\"async\" src=\"https:\/\/technisearch.co.in\/wp-content\/uploads\/2018\/06\/it.png\"><\/div>\n<p>Telekommunikation<\/li>\n<li>\n<div class=\"img-sec\"><img decoding=\"async\" src=\"https:\/\/technisearch.co.in\/wp-content\/uploads\/2018\/06\/hr-amin.png\"><\/div>\n<p>Personalwesen<\/li>\n<li>\n<div class=\"img-sec\"><img decoding=\"async\" src=\"https:\/\/technisearch.co.in\/wp-content\/uploads\/2018\/06\/electronics.png\"><\/div>\n<p>Elektronik<\/li>\n<li>\n<div class=\"img-sec\"><img decoding=\"async\" src=\"https:\/\/technisearch.co.in\/wp-content\/uploads\/2018\/06\/semiconductor.png\"><\/div>\n<p>Halbleitertechnik<\/li>\n<li>\n<div class=\"img-sec\"><img decoding=\"async\" src=\"https:\/\/technisearch.co.in\/wp-content\/uploads\/2018\/06\/manufacturing.png\"><\/div>\n<p>Produktion<\/li>\n<li>\n<div class=\"img-sec\"><img decoding=\"async\" src=\"https:\/\/technisearch.co.in\/wp-content\/uploads\/2018\/06\/retail.png\"><\/div>\n<p>Einzelhandel<\/li>\n<li>\n<div class=\"img-sec\"><img decoding=\"async\" src=\"https:\/\/technisearch.co.in\/wp-content\/uploads\/2018\/06\/accounting.png\"><\/div>\n<p>Buchhaltung und Finanzwesen<\/li>\n<li>\n<div class=\"img-sec\"><img decoding=\"async\" src=\"https:\/\/technisearch.co.in\/wp-content\/uploads\/2018\/06\/customer.png\"><\/div>\n<p>Kundendienst<\/li>\n<li>\n<div class=\"img-sec\"><img decoding=\"async\" src=\"https:\/\/technisearch.co.in\/wp-content\/uploads\/2018\/06\/bio-medical.png\"><\/div>\n<p>Biowissenschaften<\/li>\n<li>\n<div class=\"img-sec\"><img decoding=\"async\" src=\"https:\/\/technisearch.co.in\/wp-content\/uploads\/2018\/06\/pharmaceutical.png\"><\/div>\n<p>Arzneimittelwesen<\/li>\n<li>\n<div class=\"img-sec\"><img decoding=\"async\" src=\"https:\/\/technisearch.co.in\/wp-content\/uploads\/2018\/06\/petrochemical.png\"><\/div>\n<p>Petrochemikalien<\/li>\n<li>\n<div class=\"img-sec\"><img decoding=\"async\" src=\"https:\/\/technisearch.co.in\/wp-content\/uploads\/2018\/06\/oil-gas.png\"><\/div>\n<p>\u00d6l &#038; Gas<\/li>\n<li>\n<div class=\"img-sec\"><img decoding=\"async\" src=\"https:\/\/technisearch.co.in\/wp-content\/uploads\/2018\/06\/healthcare.png\"><\/div>\n<p>Gesundheitswesen<\/li>\n<li>\n<div class=\"img-sec\"><img decoding=\"async\" src=\"https:\/\/technisearch.co.in\/wp-content\/uploads\/2018\/06\/supply-chain.png\"><\/div>\n<p>Logistikkette<\/li>\n<li>\n<div class=\"img-sec\"><img decoding=\"async\" src=\"https:\/\/technisearch.co.in\/wp-content\/uploads\/2018\/06\/marketing.png\"><\/div>\n<p>Marketing<\/li>\n<li>\n<div class=\"img-sec\"><img decoding=\"async\" src=\"https:\/\/technisearch.co.in\/wp-content\/uploads\/2018\/06\/construction.png\"><\/div>\n<p>Bauwesen<\/li>\n<\/ul>\n<\/div>\n<\/div>\n<\/div>\n<\/section>\n<p><!----- Mission -----><\/p>\n<section class=\"mission pad-tb-65\">\n<div class=\"inner-container\">\n<div class=\"row\">\n<div class=\"col-text alternate\">\n<h3>Auftragswesen<\/h3>\n<p>Zur dauerhaften Verf\u00fcgungstellung von preiswerten Qualit\u00e4tsleistungen f\u00fcr unsere Kunden bzw. zur vollst\u00e4ndigen Aussch\u00f6pfung von deren Potential.<\/p>\n<\/div>\n<div class=\"col-img\">\n<img decoding=\"async\" src=\"https:\/\/technisearch.co.in\/wp-content\/uploads\/2018\/06\/about-mission.jpg\" alt=\"\"><\/div>\n<\/div>\n<\/div>\n<\/section>\n","protected":false},"excerpt":{"rendered":"<p>Einleitung Das in 1996 gegr\u00fcndete Unternehmen \u2018Technisearch&#8216; entwckelte sich zu einem der marktf\u00fchrenden Personalbeschaffungsfirmen in Indien, bei der die Kunden bzw. die Bewerber ihr volles Potential bestm\u00f6glich aussch\u00f6pfen k\u00f6nnen. Wir haben uns sprunghaft entwickelt, sind in Indien ans\u00e4ssig und haben auch in Singapur eine Filiale. Technisearchs ausgedehntes Netz sowie seine umfassenden Dienst-leistungen machen es zu &hellip; <\/p>\n<p class=\"link-more\"><a href=\"https:\/\/technisearch.co.in\/de\/about-us\/\" class=\"more-link\">Continue reading<span class=\"screen-reader-text\"> &#8222;About Us&#8220;<\/span><\/a><\/p>\n","protected":false},"author":1,"featured_media":0,"parent":0,"menu_order":0,"comment_status":"closed","ping_status":"closed","template":"","meta":{"footnotes":""},"class_list":["post-5","page","type-page","status-publish","hentry"],"_links":{"self":[{"href":"https:\/\/technisearch.co.in\/de\/wp-json\/wp\/v2\/pages\/5","targetHints":{"allow":["GET"]}}],"collection":[{"href":"https:\/\/technisearch.co.in\/de\/wp-json\/wp\/v2\/pages"}],"about":[{"href":"https:\/\/technisearch.co.in\/de\/wp-json\/wp\/v2\/types\/page"}],"author":[{"embeddable":true,"href":"https:\/\/technisearch.co.in\/de\/wp-json\/wp\/v2\/users\/1"}],"replies":[{"embeddable":true,"href":"https:\/\/technisearch.co.in\/de\/wp-json\/wp\/v2\/comments?post=5"}],"version-history":[{"count":45,"href":"https:\/\/technisearch.co.in\/de\/wp-json\/wp\/v2\/pages\/5\/revisions"}],"predecessor-version":[{"id":1994,"href":"https:\/\/technisearch.co.in\/de\/wp-json\/wp\/v2\/pages\/5\/revisions\/1994"}],"wp:attachment":[{"href":"https:\/\/technisearch.co.in\/de\/wp-json\/wp\/v2\/media?parent=5"}],"curies":[{"name":"wp","href":"https:\/\/api.w.org\/{rel}","templated":true}]}}